{"id":24287,"date":"2024-05-21T07:59:14","date_gmt":"2024-05-21T07:59:14","guid":{"rendered":"https:\/\/devel.bovicexport.com\/avis-dexempcio-de-responsabilitats\/"},"modified":"2024-05-22T15:29:31","modified_gmt":"2024-05-22T15:29:31","slug":"avis-dexempcio-de-responsabilitats","status":"publish","type":"page","link":"https:\/\/bovicexport.com\/en\/avis-dexempcio-de-responsabilitats\/","title":{"rendered":"Avis d&#8217;exempcio de responsabilitats"},"content":{"rendered":"\t\t<div data-elementor-type=\"wp-page\" data-elementor-id=\"24287\" class=\"elementor elementor-24287 elementor-24216\" data-elementor-post-type=\"page\">\n\t\t\t\t\t\t<section class=\"elementor-section elementor-top-section elementor-element elementor-element-6ca7751 elementor-section-boxed elementor-section-height-default elementor-section-height-default sc_fly_static\" data-id=\"6ca7751\" data-element_type=\"section\">\n\t\t\t\t\t\t<div class=\"elementor-container elementor-column-gap-extended\">\n\t\t\t\t\t<div class=\"elementor-column elementor-col-100 elementor-top-column elementor-element elementor-element-a9a01f0 sc_inner_width_none sc_content_align_inherit sc_layouts_column_icons_position_left sc_fly_static\" data-id=\"a9a01f0\" data-element_type=\"column\">\n\t\t\t<div class=\"elementor-widget-wrap elementor-element-populated\">\n\t\t\t\t\t\t<div class=\"elementor-element elementor-element-b09b208 sc_fly_static elementor-widget elementor-widget-text-editor\" data-id=\"b09b208\" data-element_type=\"widget\" data-widget_type=\"text-editor.default\">\n\t\t\t\t<div class=\"elementor-widget-container\">\n\t\t\t\t\t\t\t<div class=\"et_pb_module et_pb_text et_pb_text_0 et_pb_text_align_left et_pb_bg_layout_light\">\n<div class=\"et_pb_text_inner\">\n<h4 style=\"text-align: center;\">Declaraci\u00f3 d\u2019accessibilitat<\/h4>\n<\/div>\n<\/div>\n<div class=\"et_pb_module et_pb_text et_pb_text_1 et_pb_text_align_left et_pb_bg_layout_light\">\n<div class=\"et_pb_text_inner\">\n<p>BOVIC s\u2019ha comprom\u00e8s a fer accessible els seus lloc web de conformitat amb el Reial decret 1112\/2018, de 7 de setembre, sobre accessibilitat dels llocs web i aplicacions per a dispositius m\u00f2bils del sector p\u00fablic (d\u2019ara endavant, RD 1112\/2018, de 7 de setembre).<\/p>\n<p>La present declaraci\u00f3 d\u2019accessibilitat s\u2019aplica al lloc web https:\/\/www.bovicexport.com\/, excloent els continguts incrustats provinents d\u2019altres dominis.<\/p>\n<h4>SITUACI\u00d3 DE COMPLIMENT<\/h4>\n<p>Aquest lloc web \u00e9s parcialment conforme amb l\u2019RD 1112\/2018, de 7 de setembre, a causa de les excepcions i a la falta de conformitat dels aspectes que s\u2019indiquen a continuaci\u00f3.<\/p>\n<h4>CONTINGUT NO ACCESSIBLE<\/h4>\n<p>El contingut que es recull a continuaci\u00f3 no \u00e9s accessible pel seg\u00fcent:<\/p>\n<p>1.- Falta de conformitat amb RD 1112\/2018:<\/p>\n<ul>\n<li>Pel fet que s\u2019utilitza un gestor de continguts i existeixen diferents usuaris actualitzant i creant continguts nous, podrien existir fallades puntuals d\u2019edici\u00f3 en alguna p\u00e0gina web, tant en continguts HTML com en documents finals. No obstant aix\u00f2, existeix el comprom\u00eds de revisi\u00f3 peri\u00f2dica i de solucionar els problemes notificats pels usuaris.<\/li>\n<li>Pot haver contingut extern, com els components de Facebook, Twitter, YouTube o Google Maps, que no compleixen completament amb els criteris d\u2019accessibilitat.<\/li>\n<li>Pot haver-hi alguna p\u00e0gina on part del contingut pot presentar-se amb p\u00e8rdua d\u2019informaci\u00f3 o funcionalitat, necessitant fer scroll en dues dimensions [criteri d\u2019\u00e8xit 1.4.10].<\/li>\n<\/ul>\n<p>2.- C\u00e0rrega desproporcionada: No aplica<\/p>\n<p>3.- El contingut no entra dins de l\u2019\u00e0mbit de la legislaci\u00f3 aplicable: podrien existir arxius ofim\u00e0tics en PDF o altres formats publicats abans del 20 de setembre de 2018 que no compleixin \u00edntegrament tots els requisits d\u2019accessibilitat.<\/p>\n<h4>PREPARACI\u00d3 DE LA PRESENT DECLARACI\u00d3 D\u2019ACCESSIBILITAT<\/h4>\n<p>La present declaraci\u00f3 va ser preparada el 15 de febrer de 2023.<\/p>\n<p>El m\u00e8tode emprat per a preparar la declaraci\u00f3 ha estat una autoavaluaci\u00f3 duta a terme pel responsable d\u2019accessibilitat.<\/p>\n<p>\u00daltima revisi\u00f3 de la declaraci\u00f3: 15 de febrer de 2023.<\/p>\n<h4>OBSERVACIONS I DADES DE CONTACTE<\/h4>\n<p>Pot realitzar comunicacions sobre requisits d\u2019accessibilitat (article 10.2.a) del Reial decret 1112\/2018, de 7 de setembre) com, per exemple: <\/p>\n<ul>\n<li>Informar sobre qualsevol possible incompliment per part d\u2019aquest lloc web.<\/li>\n<li>Transmetre altres dificultats d\u2019acc\u00e9s al contingut.<\/li>\n<li>Formular qualsevol altra consulta o suggeriment de millora relativa a l\u2019accessibilitat del lloc web.<\/li>\n<\/ul>\n<p><strong>Utilitzant les seg\u00fcents vies:<\/strong><\/p>\n<ul>\n<li>Formulari de contacte de la p\u00e0gina web<\/li>\n<li>Correu electr\u00f2nic: <a href=\"mailto:info@bovicexport.com\">info@bovicexport.com<\/a><\/li>\n<li>Tel\u00e8fon: <a class=\"sc_layouts_item_link sc_layouts_iconed_text_link\" href=\"tel:18004585697\"><span class=\"sc_layouts_item_details sc_layouts_iconed_text_details\"><span class=\"sc_layouts_item_details_line1 sc_layouts_iconed_text_line1\">936 164 286<\/span><\/span><\/a><\/li>\n<\/ul>\n<h4>PROCEDIMENT D\u2019APLICACI\u00d3<\/h4>\n<p>A trav\u00e9s d\u2019aquest procediment podr\u00e0 iniciar una reclamaci\u00f3 per a con\u00e8ixer i oposar-se als motius de la desestimaci\u00f3 d\u2019una sol\u00b7licitud d\u2019informaci\u00f3 accessible o queixa, instar l\u2019adopci\u00f3 de les mesures oportunes en el cas de no estar d\u2019acord amb la decisi\u00f3 adoptada, o exposar les raons per les quals es considera que la resposta no compleix amb els requisits exigits.<\/p>\n<p><a href=\"https:\/\/www.bovicexport.com\/#contacte\">Formulari de contacte<\/a> <\/p>\n<h4>CONTINGUT OPCIONAL<\/h4>\n<p>La versi\u00f3 actualment visible d\u2019aquest lloc web \u00e9s de febrer de 2023.<\/p>\n<p>A partir d\u2019aquesta data es duen a terme revisions parcials dels continguts, tant de les plantilles com de les p\u00e0gines i documents finals publicats, a fi d\u2019assegurar el compliment dels requeriments d\u2019accessibilitat que actualment s\u00f3n els d\u2019i AA de la norma WCAG 2.1, considerant les excepcions del Reial decret 1112\/2018, de 7 de setembre.<\/p>\n<h4>GRAND\u00c0RIA DEL TEXT<\/h4>\n<p>A fi de prestar un millor servei, BOVIC emmagatzema en l\u2019ordinador de l\u2019Usuari petits fitxers d\u2019informaci\u00f3 denominats cookies. Per a m\u00e9s informaci\u00f3 sobre les cookies i la seva configuraci\u00f3 accedeixi a la nostra Pol\u00edtica de Cookies.<\/p>\n<p>Google Chrome \/ Edge: Obrir men\u00fa &gt; Zoom<\/p>\n<p>Mozilla Firefox: Abri men\u00fa &gt; Grand\u00e0ria<\/p>\n<p>Internet Explorer: Veure &gt; Grand\u00e0ria de text &gt; Gran o Molt Gran<\/p>\n<p>Opera: View &gt; Zoom &gt; %<\/p>\n<p>Safari: View &gt; Make text bigger<\/p>\n<\/p>\n<\/div>\n<\/div>\n\t\t\t\t\t\t<\/div>\n\t\t\t\t<\/div>\n\t\t\t\t\t<\/div>\n\t\t<\/div>\n\t\t\t\t\t<\/div>\n\t\t<\/section>\n\t\t\t\t<\/div>\n\t\t","protected":false},"excerpt":{"rendered":"<p>Declaraci\u00f3 d\u2019accessibilitat BOVIC s\u2019ha comprom\u00e8s a fer accessible els seus lloc web de conformitat amb el Reial decret 1112\/2018, de 7 de setembre, sobre accessibilitat dels llocs web i aplicacions&hellip;<\/p>\n","protected":false},"author":1,"featured_media":0,"parent":0,"menu_order":0,"comment_status":"closed","ping_status":"closed","template":"","meta":{"footnotes":""},"class_list":["post-24287","page","type-page","status-publish","hentry"],"_links":{"self":[{"href":"https:\/\/bovicexport.com\/en\/wp-json\/wp\/v2\/pages\/24287","targetHints":{"allow":["GET"]}}],"collection":[{"href":"https:\/\/bovicexport.com\/en\/wp-json\/wp\/v2\/pages"}],"about":[{"href":"https:\/\/bovicexport.com\/en\/wp-json\/wp\/v2\/types\/page"}],"author":[{"embeddable":true,"href":"https:\/\/bovicexport.com\/en\/wp-json\/wp\/v2\/users\/1"}],"replies":[{"embeddable":true,"href":"https:\/\/bovicexport.com\/en\/wp-json\/wp\/v2\/comments?post=24287"}],"version-history":[{"count":1,"href":"https:\/\/bovicexport.com\/en\/wp-json\/wp\/v2\/pages\/24287\/revisions"}],"predecessor-version":[{"id":24288,"href":"https:\/\/bovicexport.com\/en\/wp-json\/wp\/v2\/pages\/24287\/revisions\/24288"}],"wp:attachment":[{"href":"https:\/\/bovicexport.com\/en\/wp-json\/wp\/v2\/media?parent=24287"}],"curies":[{"name":"wp","href":"https:\/\/api.w.org\/{rel}","templated":true}]}}