{"id":24435,"date":"2024-11-28T18:00:35","date_gmt":"2024-11-28T18:00:35","guid":{"rendered":"https:\/\/bovicexport.com\/whatsapp\/"},"modified":"2024-11-28T19:39:19","modified_gmt":"2024-11-28T19:39:19","slug":"whatsapp","status":"publish","type":"page","link":"https:\/\/bovicexport.com\/es\/whatsapp\/","title":{"rendered":"whatsapp"},"content":{"rendered":"\t\t<div data-elementor-type=\"wp-page\" data-elementor-id=\"24435\" class=\"elementor elementor-24435 elementor-24390\" data-elementor-post-type=\"page\">\n\t\t\t\t\t\t<section class=\"elementor-section-with-custom-width elementor-section elementor-top-section elementor-element elementor-element-b8ebb13 elementor-section-boxed elementor-section-height-default elementor-section-height-default sc_fly_static\" data-id=\"b8ebb13\" data-element_type=\"section\">\n\t\t\t\t\t\t<div class=\"elementor-container elementor-column-gap-extended\">\n\t\t\t\t\t<div class=\"elementor-column elementor-col-100 elementor-top-column elementor-element elementor-element-5c38182 sc_inner_width_none sc_content_align_inherit sc_layouts_column_icons_position_left sc_fly_static\" data-id=\"5c38182\" data-element_type=\"column\">\n\t\t\t<div class=\"elementor-widget-wrap elementor-element-populated\">\n\t\t\t\t\t\t<div class=\"elementor-element elementor-element-86d0d27 sc_fly_static elementor-widget elementor-widget-text-editor\" data-id=\"86d0d27\" data-element_type=\"widget\" data-widget_type=\"text-editor.default\">\n\t\t\t\t<div class=\"elementor-widget-container\">\n\t\t\t\t\t\t\t<p>Informamos que sus datos personales ser\u00e1n tratados bajo la responsabilidad de BOVIC EXPORT, SL para gestionar la petici\u00f3n que nos has remitido a trav\u00e9s de esta aplicaci\u00f3n. Los datos se conservar\u00e1n durante no m\u00e1s tiempo de lo necesario para mantener el fin del tratamiento, as\u00ed como para atender las responsabilidades legales. No se comunicar\u00e1n datos a terceros sin en el consentimiento de la persona interesada o salvo obligaci\u00f3n legal. Informamos que la aplicaci\u00f3n WhatsApp podr\u00eda almacenar informaci\u00f3n en servidores fuera de la UE que implicar\u00eda una transferencia internacional de datos cuya realizaci\u00f3n se realiza con plenas garant\u00edas de acuerdo con la Decisi\u00f3n Adecuaci\u00f3n del 10\/7\/2023. Puede ejercitar los derechos de acceso, rectificaci\u00f3n, portabilidad, supresi\u00f3n, limitaci\u00f3n y oposici\u00f3n enviando un mensaje a <a href=\"mailto:isabel@bovicexport.com\">isabel@bovicexport.com.<\/a> Si considera que el tratamiento no se ajusta a la normativa vigente, podr\u00e1 presentar una reclamaci\u00f3n ante la autoridad de control en <a href=\"http:\/\/www.aepd.es\/\">www.aepd.es<\/a><\/p>\n<p><em>Por motivos de seguridad y privacidad agradeceremos NO nos remitan documentaci\u00f3n confidencial por este medio, por favor contacte con nosotros en el correo electr\u00f3nico<\/em> <a href=\"mailto:isabel@bovicexport.com\"><em>isabel@bovicexport.com<\/em><\/a><\/p>\n\t\t\t\t\t\t<\/div>\n\t\t\t\t<\/div>\n\t\t\t\t<div class=\"elementor-element elementor-element-49697f2 sc_fly_static elementor-widget elementor-widget-trx_sc_button\" data-id=\"49697f2\" data-element_type=\"widget\" data-widget_type=\"trx_sc_button.default\">\n\t\t\t\t<div class=\"elementor-widget-container\">\n\t\t\t<div\tclass=\"sc_item_button sc_button_wrap\" ><a href=\"https:\/\/api.whatsapp.com\/send\/?phone=34695404542\" class=\"sc_button sc_button_default sc_button_size_normal sc_button_icon_left color_style_link2\" ><span class=\"sc_button_text\"><span class=\"sc_button_title\">Whatsapp<\/span><\/span><\/a><\/div>\t\t<\/div>\n\t\t\t\t<\/div>\n\t\t\t\t\t<\/div>\n\t\t<\/div>\n\t\t\t\t\t<\/div>\n\t\t<\/section>\n\t\t\t\t<\/div>\n\t\t","protected":false},"excerpt":{"rendered":"<p>Informamos que sus datos personales ser\u00e1n tratados bajo la responsabilidad de BOVIC EXPORT, SL para gestionar la petici\u00f3n que nos has remitido a trav\u00e9s de esta aplicaci\u00f3n. Los datos se&hellip;<\/p>\n","protected":false},"author":1,"featured_media":0,"parent":0,"menu_order":0,"comment_status":"closed","ping_status":"closed","template":"","meta":{"footnotes":""},"class_list":["post-24435","page","type-page","status-publish","hentry"],"_links":{"self":[{"href":"https:\/\/bovicexport.com\/es\/wp-json\/wp\/v2\/pages\/24435","targetHints":{"allow":["GET"]}}],"collection":[{"href":"https:\/\/bovicexport.com\/es\/wp-json\/wp\/v2\/pages"}],"about":[{"href":"https:\/\/bovicexport.com\/es\/wp-json\/wp\/v2\/types\/page"}],"author":[{"embeddable":true,"href":"https:\/\/bovicexport.com\/es\/wp-json\/wp\/v2\/users\/1"}],"replies":[{"embeddable":true,"href":"https:\/\/bovicexport.com\/es\/wp-json\/wp\/v2\/comments?post=24435"}],"version-history":[{"count":1,"href":"https:\/\/bovicexport.com\/es\/wp-json\/wp\/v2\/pages\/24435\/revisions"}],"predecessor-version":[{"id":24436,"href":"https:\/\/bovicexport.com\/es\/wp-json\/wp\/v2\/pages\/24435\/revisions\/24436"}],"wp:attachment":[{"href":"https:\/\/bovicexport.com\/es\/wp-json\/wp\/v2\/media?parent=24435"}],"curies":[{"name":"wp","href":"https:\/\/api.w.org\/{rel}","templated":true}]}}