{"id":24264,"date":"2024-05-21T07:56:39","date_gmt":"2024-05-21T07:56:39","guid":{"rendered":"https:\/\/devel.bovicexport.com\/politica-de-cookies\/"},"modified":"2024-05-22T15:04:09","modified_gmt":"2024-05-22T15:04:09","slug":"politica-de-cookies","status":"publish","type":"page","link":"https:\/\/bovicexport.com\/fr\/politica-de-cookies\/","title":{"rendered":"Politica de cookies"},"content":{"rendered":"\t\t<div data-elementor-type=\"wp-page\" data-elementor-id=\"24264\" class=\"elementor elementor-24264 elementor-24210\" data-elementor-post-type=\"page\">\n\t\t\t\t\t\t<section class=\"elementor-section elementor-top-section elementor-element elementor-element-8c96f01 elementor-section-boxed elementor-section-height-default elementor-section-height-default sc_fly_static\" data-id=\"8c96f01\" data-element_type=\"section\">\n\t\t\t\t\t\t<div class=\"elementor-container elementor-column-gap-extended\">\n\t\t\t\t\t<div class=\"elementor-column elementor-col-100 elementor-top-column elementor-element elementor-element-ad72f2c sc_inner_width_none sc_content_align_inherit sc_layouts_column_icons_position_left sc_fly_static\" data-id=\"ad72f2c\" data-element_type=\"column\">\n\t\t\t<div class=\"elementor-widget-wrap elementor-element-populated\">\n\t\t\t\t\t\t<div class=\"elementor-element elementor-element-1fb2583 sc_fly_static elementor-widget elementor-widget-text-editor\" data-id=\"1fb2583\" data-element_type=\"widget\" data-widget_type=\"text-editor.default\">\n\t\t\t\t<div class=\"elementor-widget-container\">\n\t\t\t\t\t\t\t<h4 style=\"text-align: center;\">INFORMACI\u00d3N SOBRE COOKIES<\/h4>\n<p>Esta pol\u00edtica de cookies tiene por finalidad informar de manera clara y precisa sobre las cookies que se utilizan en nuestra web.<\/p>\n<h4><strong>\u00bfQU\u00c9 SON LAS COOKIES?<\/strong><\/h4>\n<p>Las cookies y otras tecnolog\u00edas similares tales como local shared objects, flash cookies o p\u00edxeles, son herramientas empleadas por los servidores Web para almacenar y recuperar informaci\u00f3n acerca de sus visitantes, as\u00ed como para ofrecer un correcto funcionamiento del sitio.<\/p>\n<h4><strong>COOKIES UTILIZADAS EN ESTE SITIO WEB<\/strong><\/h4>\n<p>En este sitio web \u00fanicamente se utilizan cookies propias, de sesi\u00f3n, con finalidad t\u00e9cnica (aquellas que permiten al usuario la navegaci\u00f3n a trav\u00e9s del sitio web y la utilizaci\u00f3n de las diferentes opciones y servicios que en ella existen) y las necesarias para la prestaci\u00f3n de servicios expresamente solicitados por el usuario.<\/p>\n<p>Tampoco se utilizan cookies para recabar datos de car\u00e1cter personal de la persona interesada sin su conocimiento o cederlas a terceros.<\/p>\n<p>El portal del que es titular BOVIC podr\u00eda contener enlaces a sitios web de terceros, cuyas pol\u00edticas de privacidad son ajenas a la de BOVIC. Al acceder a tales sitios web la persona interesada puede decidir si acepta sus pol\u00edticas de privacidad y de cookies.<\/p>\n\t\t\t\t\t\t<\/div>\n\t\t\t\t<\/div>\n\t\t\t\t\t<\/div>\n\t\t<\/div>\n\t\t\t\t\t<\/div>\n\t\t<\/section>\n\t\t\t\t<\/div>\n\t\t","protected":false},"excerpt":{"rendered":"<p>INFORMACI\u00d3N SOBRE COOKIES Esta pol\u00edtica de cookies tiene por finalidad informar de manera clara y precisa sobre las cookies que se utilizan en nuestra web. \u00bfQU\u00c9 SON LAS COOKIES? Las&hellip;<\/p>\n","protected":false},"author":1,"featured_media":0,"parent":0,"menu_order":0,"comment_status":"closed","ping_status":"closed","template":"","meta":{"footnotes":""},"class_list":["post-24264","page","type-page","status-publish","hentry"],"_links":{"self":[{"href":"https:\/\/bovicexport.com\/fr\/wp-json\/wp\/v2\/pages\/24264","targetHints":{"allow":["GET"]}}],"collection":[{"href":"https:\/\/bovicexport.com\/fr\/wp-json\/wp\/v2\/pages"}],"about":[{"href":"https:\/\/bovicexport.com\/fr\/wp-json\/wp\/v2\/types\/page"}],"author":[{"embeddable":true,"href":"https:\/\/bovicexport.com\/fr\/wp-json\/wp\/v2\/users\/1"}],"replies":[{"embeddable":true,"href":"https:\/\/bovicexport.com\/fr\/wp-json\/wp\/v2\/comments?post=24264"}],"version-history":[{"count":1,"href":"https:\/\/bovicexport.com\/fr\/wp-json\/wp\/v2\/pages\/24264\/revisions"}],"predecessor-version":[{"id":24265,"href":"https:\/\/bovicexport.com\/fr\/wp-json\/wp\/v2\/pages\/24264\/revisions\/24265"}],"wp:attachment":[{"href":"https:\/\/bovicexport.com\/fr\/wp-json\/wp\/v2\/media?parent=24264"}],"curies":[{"name":"wp","href":"https:\/\/api.w.org\/{rel}","templated":true}]}}